{"id":1183,"date":"2025-03-10T14:39:08","date_gmt":"2025-03-10T13:39:08","guid":{"rendered":"https:\/\/dev.fallonandbelle.com\/?page_id=1183"},"modified":"2025-03-19T11:05:45","modified_gmt":"2025-03-19T10:05:45","slug":"avis-juridique","status":"publish","type":"page","link":"https:\/\/fallonandbelle.com\/fr\/aviso-legal\/","title":{"rendered":"Avis juridique"},"content":{"rendered":"<div data-elementor-type=\"wp-page\" data-elementor-id=\"1183\" class=\"elementor elementor-1183\" data-elementor-post-type=\"page\">\n\t\t\t\t<div data-particle_enable=\"false\" data-particle-mobile-disabled=\"false\" data-dce-background-color=\"#EAE3DD\" class=\"elementor-element elementor-element-fccad41 e-con-full e-flex e-con e-parent\" data-id=\"fccad41\" data-element_type=\"container\" data-e-type=\"container\" id=\"color\" data-settings=\"{&quot;background_background&quot;:&quot;classic&quot;}\">\n\t\t\t\t<div class=\"elementor-element elementor-element-5054192 elementor-widget elementor-widget-heading\" data-id=\"5054192\" data-element_type=\"widget\" data-e-type=\"widget\" data-widget_type=\"heading.default\">\n\t\t\t\t<div class=\"elementor-widget-container\">\n\t\t\t\t\t<h1 class=\"elementor-heading-title elementor-size-default\">Avis juridique<\/h1>\t\t\t\t<\/div>\n\t\t\t\t<\/div>\n\t\t\t\t<div class=\"elementor-element elementor-element-fb766c3 elementor-widget__width-initial elementor-widget elementor-widget-text-editor\" data-id=\"fb766c3\" data-element_type=\"widget\" data-e-type=\"widget\" data-widget_type=\"text-editor.default\">\n\t\t\t\t<div class=\"elementor-widget-container\">\n\t\t\t\t\t\t\t\t\t<p><strong>1. objectif et acceptation<\/strong><\/p><p>Le pr\u00e9sent avis juridique r\u00e9git l'utilisation du site web www.fallonandbelle.com (ci-apr\u00e8s d\u00e9nomm\u00e9 \"le site web\"), qui est la propri\u00e9t\u00e9 de <strong>FALLON &amp; BELLE S.L.<\/strong> (ci-apr\u00e8s, le PROPRI\u00c9TAIRE DU SITE WEB).<\/p><p>La navigation sur le site web du PROPRI\u00c9TAIRE DU SITE WEB conf\u00e8re la condition d'utilisateur de ce dernier et implique l'acceptation totale et sans r\u00e9serve de toutes et chacune des dispositions incluses dans les pr\u00e9sentes mentions l\u00e9gales, qui peuvent faire l'objet de modifications.<\/p><p>L'utilisateur s'engage \u00e0 faire un usage correct du site Web conform\u00e9ment aux lois, \u00e0 la bonne foi, \u00e0 l'ordre public, aux usages de la circulation et au pr\u00e9sent avis juridique. L'utilisateur sera responsable envers le PROPRI\u00c9TAIRE DU SITE WEB ou envers des tiers de tout dommage pouvant r\u00e9sulter d'un manquement \u00e0 cette obligation.<\/p>\t\t\t\t\t\t\t\t<\/div>\n\t\t\t\t<\/div>\n\t\t\t\t<div class=\"elementor-element elementor-element-fee0ff7 elementor-widget__width-initial elementor-widget elementor-widget-text-editor\" data-id=\"fee0ff7\" data-element_type=\"widget\" data-e-type=\"widget\" data-widget_type=\"text-editor.default\">\n\t\t\t\t<div class=\"elementor-widget-container\">\n\t\t\t\t\t\t\t\t\t<p><strong>Identification et communications<\/strong><br \/><br \/>LE PROPRI\u00c9TAIRE DU SITE WEB, conform\u00e9ment \u00e0 la loi 34\/2002, du 11 juillet, sur les services de la soci\u00e9t\u00e9 de l'information et le commerce \u00e9lectronique, vous informe que :<br \/><br \/><\/p><ul><li>Sa raison sociale est : FALLON &amp; BELLE S.L.<\/li><li>CIF\/NIF\/NIE est : B01851807<\/li><li>Son si\u00e8ge social est situ\u00e9 \u00e0 :  C\/ COLUMELA 3, 28001 - MADRID, MADRID<\/li><li>Inscrit au registre du commerce de : MADRID VOLUME 40849 FOLIO 79 FICHE M-724673 1\u00e8re INSCRIPTION<\/li><\/ul>\t\t\t\t\t\t\t\t<\/div>\n\t\t\t\t<\/div>\n\t\t\t\t<div class=\"elementor-element elementor-element-e7694b1 elementor-widget__width-initial elementor-widget elementor-widget-text-editor\" data-id=\"e7694b1\" data-element_type=\"widget\" data-e-type=\"widget\" data-widget_type=\"text-editor.default\">\n\t\t\t\t<div class=\"elementor-widget-container\">\n\t\t\t\t\t\t\t\t\t<p><strong>3. Les communications<\/strong><br \/><br \/>Toutes les notifications et communications entre les utilisateurs et le PROPRI\u00c9TAIRE DU SITE WEB sont consid\u00e9r\u00e9es comme effectives, \u00e0 toutes fins utiles, lorsqu'elles sont effectu\u00e9es par courrier ou par l'un des autres moyens d\u00e9crits ci-dessous :<br \/><br \/><\/p><ul><li>T\u00e9l : 673281869<\/li><li>Courriel : info@fallonandbelle.com<\/li><\/ul>\t\t\t\t\t\t\t\t<\/div>\n\t\t\t\t<\/div>\n\t\t\t\t<div class=\"elementor-element elementor-element-31ebe2c elementor-widget__width-initial elementor-widget elementor-widget-text-editor\" data-id=\"31ebe2c\" data-element_type=\"widget\" data-e-type=\"widget\" data-widget_type=\"text-editor.default\">\n\t\t\t\t<div class=\"elementor-widget-container\">\n\t\t\t\t\t\t\t\t\t<p><strong>4. Conditions d'acc\u00e8s et d'utilisation<\/strong><br \/><br \/>Le site web et ses services sont d'acc\u00e8s libre et gratuit. Toutefois, le PROPRI\u00c9TAIRE DU SITE WEB conditionne l'utilisation de certains des services offerts sur son site web \u00e0 l'accomplissement pr\u00e9alable du formulaire correspondant.<br \/><br \/>L'utilisateur garantit l'authenticit\u00e9 et l'actualit\u00e9 de toutes les donn\u00e9es fournies au PROPRI\u00c9TAIRE DU SITE WEB et sera seul responsable de toute d\u00e9claration fausse ou inexacte.<br \/><br \/>L'utilisateur s'engage express\u00e9ment \u00e0 faire un usage appropri\u00e9 des contenus et des services du PROPRI\u00c9TAIRE DU SITE WEB et \u00e0 ne pas les utiliser, entre autres, pour :<br \/><br \/>a) Diffuser des contenus criminels, violents, pornographiques, racistes, x\u00e9nophobes, offensants ou terroristes et, en g\u00e9n\u00e9ral, des contenus contraires \u00e0 la loi ou \u00e0 l'ordre public.<br \/><br \/>b) Introduire dans le r\u00e9seau des virus informatiques ou effectuer des actions susceptibles d'alt\u00e9rer, d'endommager, d'interrompre ou de g\u00e9n\u00e9rer des erreurs ou des dommages aux documents \u00e9lectroniques, aux donn\u00e9es ou aux syst\u00e8mes physiques et logiques du PROPRI\u00c9TAIRE DU SITE WEB ou de tiers ; ainsi qu'entraver l'acc\u00e8s d'autres utilisateurs au site web et \u00e0 ses services par la consommation massive des ressources informatiques gr\u00e2ce auxquelles le PROPRI\u00c9TAIRE DU SITE WEB fournit ses services.<br \/><br \/>c) tenter d'acc\u00e9der aux comptes de courrier \u00e9lectronique d'autres utilisateurs ou \u00e0 des zones restreintes des syst\u00e8mes informatiques du PROPRI\u00c9TAIRE DU SITE WEB ou de tiers et, le cas \u00e9ch\u00e9ant, d'en extraire des informations.<br \/><br \/>d) enfreindre les droits de propri\u00e9t\u00e9 intellectuelle ou industrielle, ainsi que la confidentialit\u00e9 des informations du PROPRI\u00c9TAIRE DU SITE WEB ou de tiers.<br \/><br \/>(e) l'usurpation de l'identit\u00e9 d'un autre utilisateur, des autorit\u00e9s publiques ou d'un tiers.<br \/><br \/>f) Reproduire, copier, distribuer, mettre \u00e0 disposition ou toute autre forme de communication publique, transformer ou modifier les contenus, sauf autorisation du titulaire des droits correspondants ou autorisation l\u00e9gale.<br \/><br \/>g) collecter des donn\u00e9es \u00e0 des fins publicitaires et envoyer des publicit\u00e9s de toute nature et des communications \u00e0 des fins de vente ou \u00e0 d'autres fins commerciales sans demande ou consentement pr\u00e9alable.<\/p>\t\t\t\t\t\t\t\t<\/div>\n\t\t\t\t<\/div>\n\t\t\t\t<div class=\"elementor-element elementor-element-80ff309 elementor-widget__width-initial elementor-widget elementor-widget-text-editor\" data-id=\"80ff309\" data-element_type=\"widget\" data-e-type=\"widget\" data-widget_type=\"text-editor.default\">\n\t\t\t\t<div class=\"elementor-widget-container\">\n\t\t\t\t\t\t\t\t\t<p><strong>5. Propri\u00e9t\u00e9 intellectuelle et industrielle<\/strong><br \/><br \/>Tous les contenus du site, tels que les textes, les photographies, les graphiques, les images, les ic\u00f4nes, la technologie, le logiciel, ainsi que sa conception graphique et ses codes sources, constituent une \u0153uvre dont la propri\u00e9t\u00e9 appartient au PROPRI\u00c9TAIRE DU SITE WEB, et aucun des droits d'exploitation de celle-ci ne peut \u00eatre consid\u00e9r\u00e9 comme transf\u00e9r\u00e9 \u00e0 l'utilisateur au-del\u00e0 de ce qui est strictement n\u00e9cessaire \u00e0 l'utilisation correcte du site.<br \/><br \/>En r\u00e9sum\u00e9, les utilisateurs qui acc\u00e8dent \u00e0 ce site web peuvent visualiser les contenus et r\u00e9aliser, le cas \u00e9ch\u00e9ant, des copies priv\u00e9es autoris\u00e9es, \u00e0 condition que les \u00e9l\u00e9ments reproduits ne soient pas c\u00e9d\u00e9s ult\u00e9rieurement \u00e0 des tiers, ni install\u00e9s sur des serveurs connect\u00e9s \u00e0 des r\u00e9seaux, ni soumis \u00e0 un quelconque type d'exploitation.<br \/>De m\u00eame, toutes les marques, noms commerciaux ou signes distinctifs de toute nature qui apparaissent sur le site web sont la propri\u00e9t\u00e9 du PROPRI\u00c9TAIRE DU SITE WEB, et il ne peut \u00eatre interpr\u00e9t\u00e9 que l'utilisation ou l'acc\u00e8s \u00e0 ceux-ci conf\u00e8re \u00e0 l'utilisateur un quelconque droit sur ceux-ci.<br \/><br \/>La distribution, la modification, le transfert ou la communication publique des contenus et tout autre acte qui n'a pas \u00e9t\u00e9 express\u00e9ment autoris\u00e9 par le titulaire des droits d'exploitation sont interdits.<\/p>\t\t\t\t\t\t\t\t<\/div>\n\t\t\t\t<\/div>\n\t\t\t\t<div class=\"elementor-element elementor-element-790e5b9 elementor-widget__width-initial elementor-widget elementor-widget-text-editor\" data-id=\"790e5b9\" data-element_type=\"widget\" data-e-type=\"widget\" data-widget_type=\"text-editor.default\">\n\t\t\t\t<div class=\"elementor-widget-container\">\n\t\t\t\t\t\t\t\t\t<p><strong>6. Hyperliens<\/strong><br \/><br \/>L'\u00e9tablissement d'un lien hypertexte n'implique en aucun cas l'existence d'une relation entre le PROPRI\u00c9TAIRE DU SITE WEB et le propri\u00e9taire du site web sur lequel il est \u00e9tabli, ni l'acceptation et l'approbation par le PROPRI\u00c9TAIRE DU SITE WEB de son contenu ou de ses services. Les personnes qui ont l'intention d'\u00e9tablir un lien hypertexte doivent demander l'autorisation \u00e9crite pr\u00e9alable du PROPRI\u00c9TAIRE DU SITE. En tout \u00e9tat de cause, l'hyperlien permettra uniquement d'acc\u00e9der \u00e0 la page d'accueil ou \u00e0 la page d'accueil de notre site web, et devra \u00e9galement s'abstenir de faire des d\u00e9clarations ou des indications fausses, inexactes ou incorrectes sur le PROPRI\u00c9TAIRE DU SITE WEB, ou d'inclure des contenus ill\u00e9gaux, contraires aux bonnes m\u0153urs et \u00e0 l'ordre public.<br \/><br \/>LE PROPRI\u00c9TAIRE DU SITE INTERNET n'est pas responsable de l'utilisation que chaque utilisateur fait du mat\u00e9riel mis \u00e0 disposition sur ce site ni des actions men\u00e9es sur la base de ce mat\u00e9riel.<br \/><br \/>En ce qui concerne les liens hypertextes vers d'autres sites, comme c'est \u00e9galement le cas pour les r\u00e9seaux sociaux, le PROPRI\u00c9TAIRE DU SITE INTERNET n'exercera aucun contr\u00f4le sur ces sites et leur contenu, n'assumera aucune responsabilit\u00e9 quant au contenu de tout lien appartenant \u00e0 d'autres sites Internet et ne garantira pas la disponibilit\u00e9 technique, la qualit\u00e9, la fiabilit\u00e9, l'exactitude, l'exhaustivit\u00e9, la pr\u00e9cision et la validit\u00e9 de tout mat\u00e9riel ou information contenu dans de tels liens hypertextes ou dans d'autres sites Internet.<\/p>\t\t\t\t\t\t\t\t<\/div>\n\t\t\t\t<\/div>\n\t\t\t\t<div class=\"elementor-element elementor-element-bf23f69 elementor-widget__width-initial elementor-widget elementor-widget-text-editor\" data-id=\"bf23f69\" data-element_type=\"widget\" data-e-type=\"widget\" data-widget_type=\"text-editor.default\">\n\t\t\t\t<div class=\"elementor-widget-container\">\n\t\t\t\t\t\t\t\t\t<p><strong>7. Exclusion des garanties et de la responsabilit\u00e9<\/strong><br \/><br \/>L'acc\u00e8s \u00e0 l'ensemble du contenu n'est pas enti\u00e8rement garanti, pas plus que son exhaustivit\u00e9, son exactitude, sa validit\u00e9 ou son actualit\u00e9, ou encore son ad\u00e9quation ou son utilit\u00e9 dans un but sp\u00e9cifique.<br \/><br \/>LE PROPRI\u00c9TAIRE DU SITE WEB exclut, dans la mesure permise par la loi, toute responsabilit\u00e9 pour des dommages de quelque nature que ce soit r\u00e9sultant de :<br \/><br \/>a) l'impossibilit\u00e9 d'acc\u00e9der au site web ou le manque de v\u00e9racit\u00e9, d'exactitude, d'exhaustivit\u00e9 et\/ou d'actualit\u00e9 du contenu, ainsi que l'existence de vices et de d\u00e9fauts de toute nature dans le contenu transmis, diffus\u00e9, stock\u00e9, mis \u00e0 disposition, auquel on acc\u00e8de par le biais du site web ou des services offerts.<br \/><br \/>b) la pr\u00e9sence de virus ou d'autres \u00e9l\u00e9ments dans les contenus qui peuvent provoquer des alt\u00e9rations dans les syst\u00e8mes informatiques, les documents \u00e9lectroniques ou les donn\u00e9es des utilisateurs.<br \/><br \/>c) le non-respect de la loi, de la bonne foi, de l'ordre public, des usages de la circulation et du pr\u00e9sent avis juridique \u00e0 la suite d'une utilisation incorrecte du site Web. En particulier, et \u00e0 titre d'exemple, le PROPRI\u00c9TAIRE DU SITE INTERNET n'est pas responsable des actions de tiers qui violent les droits de propri\u00e9t\u00e9 intellectuelle et industrielle, les secrets d'affaires, les droits \u00e0 l'honneur, \u00e0 l'intimit\u00e9 personnelle et familiale et \u00e0 l'image de soi, ainsi que la r\u00e9glementation en mati\u00e8re de concurrence d\u00e9loyale et de publicit\u00e9 ill\u00e9gale.<br \/><br \/>De m\u00eame, le propri\u00e9taire du site d\u00e9cline toute responsabilit\u00e9 pour les informations qui se trouvent en dehors de ce site et qui ne sont pas g\u00e9r\u00e9es directement par notre webmestre. La fonction des liens qui apparaissent sur ce site est exclusivement d'informer l'utilisateur de l'existence d'autres sources susceptibles d'\u00e9largir le contenu offert sur ce site. Le PROPRI\u00c9TAIRE DU SITE NE GARANTIT PAS LE FONCTIONNEMENT OU L'ACCESSIBILIT\u00c9 DES SITES LI\u00c9S, NE SUGG\u00c8RE PAS, N'INVITE PAS OU RECOMMANDE DE LES VISITER ET N'EST PAS RESPONSABLE DES R\u00c9SULTATS OBTENUS. Le PROPRI\u00c9TAIRE DU SITE n'est pas responsable de l'\u00e9tablissement d'hyperliens par des tiers.<\/p>\t\t\t\t\t\t\t\t<\/div>\n\t\t\t\t<\/div>\n\t\t\t\t<div class=\"elementor-element elementor-element-d905e40 elementor-widget__width-initial elementor-widget elementor-widget-text-editor\" data-id=\"d905e40\" data-element_type=\"widget\" data-e-type=\"widget\" data-widget_type=\"text-editor.default\">\n\t\t\t\t<div class=\"elementor-widget-container\">\n\t\t\t\t\t\t\t\t\t<p><strong>8. Proc\u00e9dure en cas d'activit\u00e9s ill\u00e9gales<\/strong><br \/><br \/>Si le PROPRI\u00c9TAIRE DU SITE INTERNET a connaissance de l'utilisation des services du site pour des activit\u00e9s qui portent atteinte aux droits ou constituent des actes illicites, il prendra les mesures n\u00e9cessaires pour r\u00e9primer et \u00e9liminer ces activit\u00e9s, en se r\u00e9servant le droit d'intenter une action en justice.<br \/><br \/>Si un utilisateur ou un tiers consid\u00e8re qu'il existe des faits ou des circonstances qui r\u00e9v\u00e8lent le caract\u00e8re illicite de l'utilisation de tout contenu et\/ou de la r\u00e9alisation de toute activit\u00e9 sur les pages web incluses ou accessibles par l'interm\u00e9diaire du site web, il doit envoyer une notification au PROPRI\u00c9TAIRE DU SITE WEB en s'identifiant d\u00fbment et en pr\u00e9cisant les infractions all\u00e9gu\u00e9es.<\/p>\t\t\t\t\t\t\t\t<\/div>\n\t\t\t\t<\/div>\n\t\t\t\t<div class=\"elementor-element elementor-element-b2ff012 elementor-widget__width-initial elementor-widget elementor-widget-text-editor\" data-id=\"b2ff012\" data-element_type=\"widget\" data-e-type=\"widget\" data-widget_type=\"text-editor.default\">\n\t\t\t\t<div class=\"elementor-widget-container\">\n\t\t\t\t\t\t\t\t\t<p><strong>9. Publications<\/strong><br \/><br \/>Les informations administratives fournies par le biais du site web ne remplacent pas la publication l\u00e9gale des lois, r\u00e8glements, plans, dispositions g\u00e9n\u00e9rales et actes qui doivent \u00eatre formellement publi\u00e9s dans les journaux officiels des administrations publiques, qui sont le seul instrument attestant de leur authenticit\u00e9 et de leur contenu. Les informations disponibles sur ce site doivent \u00eatre consid\u00e9r\u00e9es comme un guide sans aucune valeur juridique.<\/p>\t\t\t\t\t\t\t\t<\/div>\n\t\t\t\t<\/div>\n\t\t\t\t<div class=\"elementor-element elementor-element-25ac462 elementor-widget__width-initial elementor-widget elementor-widget-text-editor\" data-id=\"25ac462\" data-element_type=\"widget\" data-e-type=\"widget\" data-widget_type=\"text-editor.default\">\n\t\t\t\t<div class=\"elementor-widget-container\">\n\t\t\t\t\t\t\t\t\t<p><strong>10. Droit applicable et juridiction<\/strong><br \/><br \/>Le pr\u00e9sent avis juridique est r\u00e9gi par le droit espagnol. Les parties conviennent de se soumettre \u00e0 la juridiction des cours et tribunaux qui leur correspondent conform\u00e9ment \u00e0 la l\u00e9gislation proc\u00e9durale applicable.<\/p>\t\t\t\t\t\t\t\t<\/div>\n\t\t\t\t<\/div>\n\t\t\t\t<\/div>\n\t\t\t\t<\/div>","protected":false},"excerpt":{"rendered":"<p>Aviso legal 1. Objetivo y aceptaci\u00f3n El presente aviso legal regula el uso del sitio web www.fallonandbelle.com (en adelante, LA WEB), del que es titular FALLON &amp; BELLE S.L. (en adelante, EL PROPIETARIO DE LA WEB). La navegaci\u00f3n por el sitio web de EL PROPIETARIO DE LA WEB atribuye la condici\u00f3n de usuario del mismo [&hellip;]<\/p>\n","protected":false},"author":1,"featured_media":0,"parent":0,"menu_order":0,"comment_status":"closed","ping_status":"closed","template":"","meta":{"_acf_changed":false,"inline_featured_image":false,"footnotes":""},"class_list":["post-1183","page","type-page","status-publish","hentry"],"acf":[],"yoast_head":"<!-- This site is optimized with the Yoast SEO plugin v27.2 - https:\/\/yoast.com\/product\/yoast-seo-wordpress\/ -->\n<title>Aviso legal - Fallon and Belle<\/title>\n<meta name=\"robots\" content=\"index, follow, max-snippet:-1, max-image-preview:large, max-video-preview:-1\" \/>\n<link rel=\"canonical\" href=\"https:\/\/fallonandbelle.com\/fr\/avis-juridique\/\" \/>\n<meta property=\"og:locale\" content=\"fr_FR\" \/>\n<meta property=\"og:type\" content=\"article\" \/>\n<meta property=\"og:title\" content=\"Aviso legal - Fallon and Belle\" \/>\n<meta property=\"og:description\" content=\"Aviso legal 1. Objetivo y aceptaci\u00f3n El presente aviso legal regula el uso del sitio web www.fallonandbelle.com (en adelante, LA WEB), del que es titular FALLON &amp; BELLE S.L. (en adelante, EL PROPIETARIO DE LA WEB). La navegaci\u00f3n por el sitio web de EL PROPIETARIO DE LA WEB atribuye la condici\u00f3n de usuario del mismo [&hellip;]\" \/>\n<meta property=\"og:url\" content=\"https:\/\/fallonandbelle.com\/fr\/avis-juridique\/\" \/>\n<meta property=\"og:site_name\" content=\"Fallon and Belle\" \/>\n<meta property=\"article:modified_time\" content=\"2025-03-19T10:05:45+00:00\" \/>\n<meta name=\"twitter:card\" content=\"summary_large_image\" \/>\n<meta name=\"twitter:label1\" content=\"Dur\u00e9e de lecture estim\u00e9e\" \/>\n\t<meta name=\"twitter:data1\" content=\"8 minutes\" \/>\n<script type=\"application\/ld+json\" class=\"yoast-schema-graph\">{\"@context\":\"https:\/\/schema.org\",\"@graph\":[{\"@type\":\"WebPage\",\"@id\":\"https:\/\/fallonandbelle.com\/aviso-legal\/\",\"url\":\"https:\/\/fallonandbelle.com\/aviso-legal\/\",\"name\":\"Aviso legal - Fallon and Belle\",\"isPartOf\":{\"@id\":\"https:\/\/fallonandbelle.com\/#website\"},\"datePublished\":\"2025-03-10T13:39:08+00:00\",\"dateModified\":\"2025-03-19T10:05:45+00:00\",\"breadcrumb\":{\"@id\":\"https:\/\/fallonandbelle.com\/aviso-legal\/#breadcrumb\"},\"inLanguage\":\"fr-FR\",\"potentialAction\":[{\"@type\":\"ReadAction\",\"target\":[\"https:\/\/fallonandbelle.com\/aviso-legal\/\"]}]},{\"@type\":\"BreadcrumbList\",\"@id\":\"https:\/\/fallonandbelle.com\/aviso-legal\/#breadcrumb\",\"itemListElement\":[{\"@type\":\"ListItem\",\"position\":1,\"name\":\"Portada\",\"item\":\"https:\/\/fallonandbelle.com\/\"},{\"@type\":\"ListItem\",\"position\":2,\"name\":\"Aviso legal\"}]},{\"@type\":\"WebSite\",\"@id\":\"https:\/\/fallonandbelle.com\/#website\",\"url\":\"https:\/\/fallonandbelle.com\/\",\"name\":\"Fallon and Belle\",\"description\":\"\",\"publisher\":{\"@id\":\"https:\/\/fallonandbelle.com\/#organization\"},\"potentialAction\":[{\"@type\":\"SearchAction\",\"target\":{\"@type\":\"EntryPoint\",\"urlTemplate\":\"https:\/\/fallonandbelle.com\/?s={search_term_string}\"},\"query-input\":{\"@type\":\"PropertyValueSpecification\",\"valueRequired\":true,\"valueName\":\"search_term_string\"}}],\"inLanguage\":\"fr-FR\"},{\"@type\":\"Organization\",\"@id\":\"https:\/\/fallonandbelle.com\/#organization\",\"name\":\"Fallon and Belle\",\"url\":\"https:\/\/fallonandbelle.com\/\",\"logo\":{\"@type\":\"ImageObject\",\"inLanguage\":\"fr-FR\",\"@id\":\"https:\/\/fallonandbelle.com\/#\/schema\/logo\/image\/\",\"url\":\"https:\/\/fallonandbelle.com\/wp-content\/uploads\/2025\/03\/logo-1.svg\",\"contentUrl\":\"https:\/\/fallonandbelle.com\/wp-content\/uploads\/2025\/03\/logo-1.svg\",\"width\":216,\"height\":20,\"caption\":\"Fallon and Belle\"},\"image\":{\"@id\":\"https:\/\/fallonandbelle.com\/#\/schema\/logo\/image\/\"}}]}<\/script>\n<!-- \/ Yoast SEO plugin. -->","yoast_head_json":{"title":"Mentions l\u00e9gales - Fallon et Belle","robots":{"index":"index","follow":"follow","max-snippet":"max-snippet:-1","max-image-preview":"max-image-preview:large","max-video-preview":"max-video-preview:-1"},"canonical":"https:\/\/fallonandbelle.com\/fr\/avis-juridique\/","og_locale":"fr_FR","og_type":"article","og_title":"Aviso legal - Fallon and Belle","og_description":"Aviso legal 1. Objetivo y aceptaci\u00f3n El presente aviso legal regula el uso del sitio web www.fallonandbelle.com (en adelante, LA WEB), del que es titular FALLON &amp; BELLE S.L. (en adelante, EL PROPIETARIO DE LA WEB). La navegaci\u00f3n por el sitio web de EL PROPIETARIO DE LA WEB atribuye la condici\u00f3n de usuario del mismo [&hellip;]","og_url":"https:\/\/fallonandbelle.com\/fr\/avis-juridique\/","og_site_name":"Fallon and Belle","article_modified_time":"2025-03-19T10:05:45+00:00","twitter_card":"summary_large_image","twitter_misc":{"Dur\u00e9e de lecture estim\u00e9e":"8 minutes"},"schema":{"@context":"https:\/\/schema.org","@graph":[{"@type":"WebPage","@id":"https:\/\/fallonandbelle.com\/aviso-legal\/","url":"https:\/\/fallonandbelle.com\/aviso-legal\/","name":"Mentions l\u00e9gales - Fallon et Belle","isPartOf":{"@id":"https:\/\/fallonandbelle.com\/#website"},"datePublished":"2025-03-10T13:39:08+00:00","dateModified":"2025-03-19T10:05:45+00:00","breadcrumb":{"@id":"https:\/\/fallonandbelle.com\/aviso-legal\/#breadcrumb"},"inLanguage":"fr-FR","potentialAction":[{"@type":"ReadAction","target":["https:\/\/fallonandbelle.com\/aviso-legal\/"]}]},{"@type":"BreadcrumbList","@id":"https:\/\/fallonandbelle.com\/aviso-legal\/#breadcrumb","itemListElement":[{"@type":"ListItem","position":1,"name":"Portada","item":"https:\/\/fallonandbelle.com\/"},{"@type":"ListItem","position":2,"name":"Aviso legal"}]},{"@type":"WebSite","@id":"https:\/\/fallonandbelle.com\/#website","url":"https:\/\/fallonandbelle.com\/","name":"Fallon et Belle","description":"","publisher":{"@id":"https:\/\/fallonandbelle.com\/#organization"},"potentialAction":[{"@type":"SearchAction","target":{"@type":"EntryPoint","urlTemplate":"https:\/\/fallonandbelle.com\/?s={search_term_string}"},"query-input":{"@type":"PropertyValueSpecification","valueRequired":true,"valueName":"search_term_string"}}],"inLanguage":"fr-FR"},{"@type":"Organization","@id":"https:\/\/fallonandbelle.com\/#organization","name":"Fallon et Belle","url":"https:\/\/fallonandbelle.com\/","logo":{"@type":"ImageObject","inLanguage":"fr-FR","@id":"https:\/\/fallonandbelle.com\/#\/schema\/logo\/image\/","url":"https:\/\/fallonandbelle.com\/wp-content\/uploads\/2025\/03\/logo-1.svg","contentUrl":"https:\/\/fallonandbelle.com\/wp-content\/uploads\/2025\/03\/logo-1.svg","width":216,"height":20,"caption":"Fallon and Belle"},"image":{"@id":"https:\/\/fallonandbelle.com\/#\/schema\/logo\/image\/"}}]}},"_links":{"self":[{"href":"https:\/\/fallonandbelle.com\/fr\/wp-json\/wp\/v2\/pages\/1183","targetHints":{"allow":["GET"]}}],"collection":[{"href":"https:\/\/fallonandbelle.com\/fr\/wp-json\/wp\/v2\/pages"}],"about":[{"href":"https:\/\/fallonandbelle.com\/fr\/wp-json\/wp\/v2\/types\/page"}],"author":[{"embeddable":true,"href":"https:\/\/fallonandbelle.com\/fr\/wp-json\/wp\/v2\/users\/1"}],"replies":[{"embeddable":true,"href":"https:\/\/fallonandbelle.com\/fr\/wp-json\/wp\/v2\/comments?post=1183"}],"version-history":[{"count":22,"href":"https:\/\/fallonandbelle.com\/fr\/wp-json\/wp\/v2\/pages\/1183\/revisions"}],"predecessor-version":[{"id":2309,"href":"https:\/\/fallonandbelle.com\/fr\/wp-json\/wp\/v2\/pages\/1183\/revisions\/2309"}],"wp:attachment":[{"href":"https:\/\/fallonandbelle.com\/fr\/wp-json\/wp\/v2\/media?parent=1183"}],"curies":[{"name":"wp","href":"https:\/\/api.w.org\/{rel}","templated":true}]}}