{"id":1191,"date":"2025-03-10T14:47:17","date_gmt":"2025-03-10T13:47:17","guid":{"rendered":"https:\/\/dev.fallonandbelle.com\/?page_id=1191"},"modified":"2025-03-14T17:16:12","modified_gmt":"2025-03-14T16:16:12","slug":"politique-de-confidentialite","status":"publish","type":"page","link":"https:\/\/fallonandbelle.com\/fr\/politica-de-privacidad\/","title":{"rendered":"Politique de confidentialit\u00e9"},"content":{"rendered":"<div data-elementor-type=\"wp-page\" data-elementor-id=\"1191\" class=\"elementor elementor-1191\" data-elementor-post-type=\"page\">\n\t\t\t\t<div data-particle_enable=\"false\" data-particle-mobile-disabled=\"false\" data-dce-background-color=\"#EAE3DD\" class=\"elementor-element elementor-element-129e886 e-con-full e-flex e-con e-parent\" data-id=\"129e886\" data-element_type=\"container\" data-e-type=\"container\" id=\"color\" data-settings=\"{&quot;background_background&quot;:&quot;classic&quot;}\">\n\t\t\t\t<div class=\"elementor-element elementor-element-6dee2fc elementor-widget elementor-widget-heading\" data-id=\"6dee2fc\" data-element_type=\"widget\" data-e-type=\"widget\" data-widget_type=\"heading.default\">\n\t\t\t\t<div class=\"elementor-widget-container\">\n\t\t\t\t\t<h1 class=\"elementor-heading-title elementor-size-default\">Politique de confidentialit\u00e9<\/h1>\t\t\t\t<\/div>\n\t\t\t\t<\/div>\n\t\t\t\t<div class=\"elementor-element elementor-element-60175a3 elementor-widget__width-initial elementor-widget elementor-widget-text-editor\" data-id=\"60175a3\" data-element_type=\"widget\" data-e-type=\"widget\" data-widget_type=\"text-editor.default\">\n\t\t\t\t<div class=\"elementor-widget-container\">\n\t\t\t\t\t\t\t\t\t<p><strong>1. qui est le responsable du traitement des donn\u00e9es ?<\/strong><br \/><br \/>FALLON &amp; BELLE S.L.<br \/>B01851807<br \/>C\/ COLUMELA 3, 28001 - MADRID, MADRID<br \/>673281869<br \/>info@fallonandbelle.com<\/p>\t\t\t\t\t\t\t\t<\/div>\n\t\t\t\t<\/div>\n\t\t\t\t<div class=\"elementor-element elementor-element-80f6591 elementor-widget__width-initial elementor-widget elementor-widget-text-editor\" data-id=\"80f6591\" data-element_type=\"widget\" data-e-type=\"widget\" data-widget_type=\"text-editor.default\">\n\t\t\t\t<div class=\"elementor-widget-container\">\n\t\t\t\t\t\t\t\t\t<p><strong>2. quel type de donn\u00e9es poss\u00e9dons-nous sur vous et comment les avons-nous obtenues ?<\/strong><br \/><br \/>Les cat\u00e9gories de donn\u00e9es personnelles que nous traitons \u00e0 partir des clients et des fournisseurs sont les suivantes :<br \/><br \/><\/p><ol><li>Donn\u00e9es d'identification<\/li><li>Adresses postales ou \u00e9lectroniques<\/li><li>Informations commerciales<\/li><li>Donn\u00e9es \u00e9conomiques et transactionnelles<\/li><li>Donn\u00e9es de navigation<\/li><\/ol><p>\u00a0<\/p><p>Nous avons obtenu toutes les donn\u00e9es susmentionn\u00e9es soit directement de votre part en soumettant une offre commerciale, une proposition contractuelle, etc., soit de la part de votre entreprise en nous fournissant les donn\u00e9es d'identification et autres informations n\u00e9cessaires \u00e0 la r\u00e9alisation de l'objet de la relation contractuelle entre les parties. Il vous incombe, \u00e0 vous ou \u00e0 votre entreprise, de nous fournir les donn\u00e9es mises \u00e0 jour en cas de changement.<\/p>\t\t\t\t\t\t\t\t<\/div>\n\t\t\t\t<\/div>\n\t\t\t\t<div class=\"elementor-element elementor-element-5e3e8d7 elementor-widget__width-initial elementor-widget elementor-widget-text-editor\" data-id=\"5e3e8d7\" data-element_type=\"widget\" data-e-type=\"widget\" data-widget_type=\"text-editor.default\">\n\t\t\t\t<div class=\"elementor-widget-container\">\n\t\t\t\t\t\t\t\t\t<p><strong>3. dans quel but traitons-nous vos donn\u00e9es ?<\/strong><br \/><br \/>Nous traitons les donn\u00e9es qui nous sont fournies par les personnes concern\u00e9es afin de g\u00e9rer diverses activit\u00e9s d\u00e9coulant de proc\u00e9dures sp\u00e9cifiques men\u00e9es dans les domaines de la vente, du service apr\u00e8s-vente, de la gestion des fournisseurs, de la qualit\u00e9 des services, etc. Ainsi, nous utiliserons vos donn\u00e9es pour r\u00e9aliser l'une des actions suivantes :<br \/><br \/><\/p><ol><li>Fourniture des services demand\u00e9s ou livraison du produit achet\u00e9.<\/li><li>Envoi des informations demand\u00e9es par le biais du formulaire de contact sur notre site web ou par tout autre moyen de contact avec notre soci\u00e9t\u00e9,<\/li><li>Proposer aux clients potentiels et \u00e0 nos clients des offres de produits et de services susceptibles de les int\u00e9resser,<\/li><li>Assurer la gestion administrative, fiscale et comptable de nos clients et\/ou fournisseurs,<\/li><li>R\u00e9aliser des enqu\u00eates de satisfaction, des \u00e9tudes de march\u00e9, etc. afin de pouvoir vous proposer les offres les plus adapt\u00e9es et une qualit\u00e9 de service optimis\u00e9e, etc.<\/li><\/ol><p>Des moyens \u00e9lectroniques tels que le courrier \u00e9lectronique, WhatsApp, etc. peuvent \u00eatre utilis\u00e9s pour atteindre l'un ou l'autre de ces objectifs.<\/p>\t\t\t\t\t\t\t\t<\/div>\n\t\t\t\t<\/div>\n\t\t\t\t<div class=\"elementor-element elementor-element-0a62fba elementor-widget__width-initial elementor-widget elementor-widget-text-editor\" data-id=\"0a62fba\" data-element_type=\"widget\" data-e-type=\"widget\" data-widget_type=\"text-editor.default\">\n\t\t\t\t<div class=\"elementor-widget-container\">\n\t\t\t\t\t\t\t\t\t<p><strong>4. combien de temps conserverons-nous vos donn\u00e9es ?<\/strong><br \/><br \/>Les donn\u00e9es \u00e0 caract\u00e8re personnel relatives aux personnes physiques li\u00e9es aux clients potentiels, aux clients et aux fournisseurs que nous collectons par le biais des diff\u00e9rents formulaires de contact et\/ou de collecte d'informations (y compris les donn\u00e9es collect\u00e9es par le biais de cookies, le cas \u00e9ch\u00e9ant) seront conserv\u00e9es jusqu'\u00e0 ce que leur suppression soit demand\u00e9e par la partie int\u00e9ress\u00e9e. Les donn\u00e9es fournies par nos clients et fournisseurs seront conserv\u00e9es aussi longtemps que la relation commerciale entre les parties est maintenue, en respectant en tout \u00e9tat de cause les p\u00e9riodes de conservation l\u00e9gales minimales en fonction du sujet trait\u00e9.<br \/><br \/>Dans le cas des images obtenues par le syst\u00e8me de vid\u00e9osurveillance, le d\u00e9lai de conservation est d'un mois, conform\u00e9ment aux dispositions de l'article 22.3 de la LOPDGDD, \u00e0 moins qu'elles ne soient conserv\u00e9es pour \u00eatre remises aux autorit\u00e9s comp\u00e9tentes.<br \/><br \/>En tout \u00e9tat de cause, nous conserverons vos donn\u00e9es \u00e0 caract\u00e8re personnel aussi longtemps qu'il est raisonnablement n\u00e9cessaire, compte tenu de nos besoins de r\u00e9pondre aux questions qui se posent ou de r\u00e9soudre les probl\u00e8mes, d'apporter des am\u00e9liorations, d'activer de nouveaux services et de nous conformer aux exigences de la l\u00e9gislation applicable. Cela signifie que nous pouvons conserver vos donn\u00e9es \u00e0 caract\u00e8re personnel pendant une p\u00e9riode raisonnable, m\u00eame apr\u00e8s que vous avez cess\u00e9 d'utiliser nos produits ou que vous avez cess\u00e9 d'utiliser ce site web. Apr\u00e8s cette p\u00e9riode, vos donn\u00e9es personnelles seront supprim\u00e9es de tous nos syst\u00e8mes.<\/p>\t\t\t\t\t\t\t\t<\/div>\n\t\t\t\t<\/div>\n\t\t\t\t<div class=\"elementor-element elementor-element-c336832 elementor-widget__width-initial elementor-widget elementor-widget-text-editor\" data-id=\"c336832\" data-element_type=\"widget\" data-e-type=\"widget\" data-widget_type=\"text-editor.default\">\n\t\t\t\t<div class=\"elementor-widget-container\">\n\t\t\t\t\t\t\t\t\t<p><strong>5. quelle est la base l\u00e9gitime du traitement de vos donn\u00e9es ?<\/strong><br \/><br \/>Selon le type de traitement des donn\u00e9es, la base de l\u00e9gitimit\u00e9 est la suivante :<br \/><br \/>Gestion comptable :<\/p><ul><li>Traitement : gestion de la facturation avec les clients et\/ou les fournisseurs.<\/li><li>Fondement de la l\u00e9gitimit\u00e9 : maintien, d\u00e9veloppement et contr\u00f4le de la relation contractuelle entre les parties.<br \/><br \/><\/li><\/ul><p>Gestion budg\u00e9taire :<\/p><ul><li>Traitement : application des retenues, indemnit\u00e9s, etc.<\/li><li>Fondement de la l\u00e9gitimit\u00e9 : maintien, d\u00e9veloppement et contr\u00f4le de la relation contractuelle entre les parties ; respect des obligations l\u00e9gales.<br \/><br \/><\/li><\/ul><p>Gestion administrative :<\/p><ul><li>Traitement : gestion de la logistique, entrep\u00f4t, livraisons aux clients, r\u00e9ception des marchandises, etc.<\/li><li>Fondement de la l\u00e9gitimit\u00e9 : maintien, d\u00e9veloppement et contr\u00f4le de la relation contractuelle entre les parties.<br \/><br \/><\/li><\/ul><p>Marketing :<\/p><ul><li>Traitement : actions commerciales concernant nos produits ou services adress\u00e9es \u00e0 nos clients ou aux personnes qui ont demand\u00e9 des informations sur nos produits et services dans le pass\u00e9, y compris la r\u00e9alisation d'enqu\u00eates de satisfaction de la client\u00e8le.<\/li><li>Base de l\u00e9gitimit\u00e9 : consentement libre et sans \u00e9quivoque de l'int\u00e9ress\u00e9 (clients potentiels), nous vous informons que le retrait de ce consentement ne peut en aucun cas conditionner l'ex\u00e9cution du contrat entre les parties ; int\u00e9r\u00eat l\u00e9gitime de l'entreprise dans la promotion et la commercialisation de produits ou de services similaires \u00e0 ceux obtenus ou demand\u00e9s par les int\u00e9ress\u00e9s dans le pass\u00e9.<br \/><br \/><\/li><\/ul><p>Donn\u00e9es de navigation :<\/p><ul><li>Traitement : d\u00e9riv\u00e9 de l'utilisation de cookies.<\/li><li>Base de l\u00e9gitimit\u00e9 : consentement explicite de la personne concern\u00e9e. Ex\u00e9cution d'un contrat dans le cas des cookies techniques n\u00e9cessaires.\u00a0<br \/><br \/><\/li><\/ul><p>Si vous ne fournissez pas vos donn\u00e9es personnelles, nous ne serons pas en mesure d'ex\u00e9cuter votre contrat, de remplir vos obligations l\u00e9gales ou celles des autorit\u00e9s publiques.<\/p>\t\t\t\t\t\t\t\t<\/div>\n\t\t\t\t<\/div>\n\t\t\t\t<div class=\"elementor-element elementor-element-e89d944 elementor-widget__width-initial elementor-widget elementor-widget-text-editor\" data-id=\"e89d944\" data-element_type=\"widget\" data-e-type=\"widget\" data-widget_type=\"text-editor.default\">\n\t\t\t\t<div class=\"elementor-widget-container\">\n\t\t\t\t\t\t\t\t\t<p><strong>6. \u00e0 quels destinataires vos donn\u00e9es seront-elles communiqu\u00e9es ?<\/strong><br \/><br \/>Nous ne transmettrons pas vos donn\u00e9es personnelles \u00e0 des tiers qui ont l'intention de les utiliser \u00e0 des fins de marketing direct, \u00e0 moins que vous ne nous ayez express\u00e9ment autoris\u00e9s \u00e0 le faire.<br \/><br \/>Veuillez noter que nous pouvons divulguer vos donn\u00e9es personnelles aux agences gouvernementales et aux autorit\u00e9s comp\u00e9tentes lorsque nous sommes l\u00e9galement tenus de le faire ou lorsque, agissant de bonne foi, nous pensons qu'une telle action est raisonnablement n\u00e9cessaire pour se conformer \u00e0 la proc\u00e9dure l\u00e9gale, pour r\u00e9pondre \u00e0 toute r\u00e9clamation ou demande l\u00e9gale ou pour prot\u00e9ger les droits de l'entreprise ou de ses clients et du public en g\u00e9n\u00e9ral.<br \/><br \/>Nous vous informons que vos donn\u00e9es ne seront pas transf\u00e9r\u00e9es ou communiqu\u00e9es \u00e0 des tiers, l'entreprise \u00e9tant seule responsable de leur traitement et de leur conservation.<br \/><br \/>Nous fournirons vos donn\u00e9es \u00e0 caract\u00e8re personnel \u00e0 des tiers (par exemple, des fournisseurs de services Internet qui nous aident \u00e0 g\u00e9rer notre site web ou \u00e0 fournir des services sous contrat, des soci\u00e9t\u00e9s d'assistance et de maintenance informatique, des soci\u00e9t\u00e9s de logistique, des cabinets de conseil en fiscalit\u00e9 et en comptabilit\u00e9, etc.) Dans tous les cas, ces tiers doivent \u00e0 tout moment maintenir les m\u00eames niveaux de s\u00e9curit\u00e9 que nous en ce qui concerne vos donn\u00e9es \u00e0 caract\u00e8re personnel et, le cas \u00e9ch\u00e9ant, sont li\u00e9s par des obligations l\u00e9gales de pr\u00e9server la confidentialit\u00e9 et la s\u00e9curit\u00e9 de vos donn\u00e9es \u00e0 caract\u00e8re personnel, ainsi que de n'utiliser les informations que conform\u00e9ment aux instructions sp\u00e9cifiques de l'entreprise.<\/p>\t\t\t\t\t\t\t\t<\/div>\n\t\t\t\t<\/div>\n\t\t\t\t<div class=\"elementor-element elementor-element-b6dfc73 elementor-widget__width-initial elementor-widget elementor-widget-text-editor\" data-id=\"b6dfc73\" data-element_type=\"widget\" data-e-type=\"widget\" data-widget_type=\"text-editor.default\">\n\t\t\t\t<div class=\"elementor-widget-container\">\n\t\t\t\t\t\t\t\t\t<p><strong>7. les transferts de donn\u00e9es vers des pays tiers ?<\/strong><br \/><br \/>Il n'est pas pr\u00e9vu de transf\u00e9rer des donn\u00e9es \u00e0 des pays tiers.<\/p>\t\t\t\t\t\t\t\t<\/div>\n\t\t\t\t<\/div>\n\t\t\t\t<div class=\"elementor-element elementor-element-5a13140 elementor-widget__width-initial elementor-widget elementor-widget-text-editor\" data-id=\"5a13140\" data-element_type=\"widget\" data-e-type=\"widget\" data-widget_type=\"text-editor.default\">\n\t\t\t\t<div class=\"elementor-widget-container\">\n\t\t\t\t\t\t\t\t\t<p><strong>8. quels sont vos droits en tant que personne concern\u00e9e ?<\/strong><\/p><p>Toute personne a le droit d'obtenir la confirmation que nous traitons ou non des donn\u00e9es \u00e0 caract\u00e8re personnel la concernant.<\/p><p>En particulier, les personnes concern\u00e9es peuvent demander le droit d'acc\u00e9der \u00e0 leurs donn\u00e9es personnelles, ainsi que de les recevoir dans un format commun et lisible par machine si le traitement est effectu\u00e9 par des moyens \u00e9lectroniques (droit \u00e0 la portabilit\u00e9).<\/p><p>De m\u00eame, les int\u00e9ress\u00e9s peuvent demander le droit de rectifier les donn\u00e9es inexactes ou, le cas \u00e9ch\u00e9ant, de demander leur suppression lorsque, entre autres raisons, les donn\u00e9es ne sont plus n\u00e9cessaires aux fins pour lesquelles elles ont \u00e9t\u00e9 collect\u00e9es.<\/p><p>En outre, dans certaines circonstances, les personnes concern\u00e9es peuvent demander la limitation du traitement de leurs donn\u00e9es ou, dans certaines circonstances et pour des raisons li\u00e9es \u00e0 leur situation particuli\u00e8re, les personnes concern\u00e9es peuvent exercer leur droit d'opposition au traitement de leurs donn\u00e9es. Nous cesserons de traiter les donn\u00e9es, sauf pour des raisons l\u00e9gitimes imp\u00e9rieuses, ou pour l'exercice ou la d\u00e9fense d'\u00e9ventuelles r\u00e9clamations, ou dans les cas d'exception pr\u00e9vus par la r\u00e9glementation applicable.<\/p><p>Nous vous informons \u00e9galement que vous avez le droit de retirer \u00e0 tout moment les consentements que vous avez donn\u00e9s, sans que cela n'affecte la l\u00e9galit\u00e9 du traitement fond\u00e9 sur le consentement avant son retrait.<\/p><p>L'utilisateur est \u00e9galement inform\u00e9 qu'il peut \u00e0 tout moment exercer les droits susmentionn\u00e9s en nous \u00e9crivant aux coordonn\u00e9es indiqu\u00e9es au point 1. Lorsque le responsable du traitement a des doutes raisonnables quant \u00e0 l'identit\u00e9 de la personne physique qui fait la demande, il peut demander que des informations suppl\u00e9mentaires soient fournies pour confirmer son identit\u00e9.<\/p><p>Vous avez \u00e9galement le droit de d\u00e9poser une plainte aupr\u00e8s de l'Agence espagnole de protection des donn\u00e9es, notamment lorsque vous n'avez pas obtenu satisfaction dans l'exercice de vos droits.\u00a0<\/p><p>http:\/\/www.agpd.es\/portalwebAGPD\/index-ides-idphp.php<\/p><p>D'autre part, conform\u00e9ment aux dispositions de la loi 34\/2002, du 11 juillet, sur les services de la soci\u00e9t\u00e9 de l'information et le commerce \u00e9lectronique, nous nous engageons \u00e0 ne pas envoyer d'informations commerciales si vous nous en avez inform\u00e9s.<\/p>\t\t\t\t\t\t\t\t<\/div>\n\t\t\t\t<\/div>\n\t\t\t\t<\/div>\n\t\t\t\t<\/div>","protected":false},"excerpt":{"rendered":"<p>Pol\u00edtica de privacidad 1. \u00bfQui\u00e9n es el responsable de tratamiento de sus datos? FALLON &amp; BELLE S.L.B01851807C\/ COLUMELA 3, 28001 &#8211; MADRID, MADRID673281869info@fallonandbelle.com 2. \u00bfQu\u00e9 tipo de datos tenemos sobre su persona y c\u00f3mo los hemos obtenido? Las categor\u00edas de datos personales que tratamos de clientes y proveedores son: Datos de identificaci\u00f3n Direcciones postales o [&hellip;]<\/p>\n","protected":false},"author":1,"featured_media":0,"parent":0,"menu_order":0,"comment_status":"closed","ping_status":"closed","template":"","meta":{"_acf_changed":false,"inline_featured_image":false,"footnotes":""},"class_list":["post-1191","page","type-page","status-publish","hentry"],"acf":[],"yoast_head":"<!-- This site is optimized with the Yoast SEO plugin v27.2 - https:\/\/yoast.com\/product\/yoast-seo-wordpress\/ -->\n<title>Pol\u00edtica de privacidad - Fallon and Belle<\/title>\n<meta name=\"robots\" content=\"index, follow, max-snippet:-1, max-image-preview:large, max-video-preview:-1\" \/>\n<link rel=\"canonical\" href=\"https:\/\/fallonandbelle.com\/fr\/politique-de-confidentialite\/\" \/>\n<meta property=\"og:locale\" content=\"fr_FR\" \/>\n<meta property=\"og:type\" content=\"article\" \/>\n<meta property=\"og:title\" content=\"Pol\u00edtica de privacidad - Fallon and Belle\" \/>\n<meta property=\"og:description\" content=\"Pol\u00edtica de privacidad 1. \u00bfQui\u00e9n es el responsable de tratamiento de sus datos? FALLON &amp; BELLE S.L.B01851807C\/ COLUMELA 3, 28001 &#8211; MADRID, MADRID673281869info@fallonandbelle.com 2. \u00bfQu\u00e9 tipo de datos tenemos sobre su persona y c\u00f3mo los hemos obtenido? Las categor\u00edas de datos personales que tratamos de clientes y proveedores son: Datos de identificaci\u00f3n Direcciones postales o [&hellip;]\" \/>\n<meta property=\"og:url\" content=\"https:\/\/fallonandbelle.com\/fr\/politique-de-confidentialite\/\" \/>\n<meta property=\"og:site_name\" content=\"Fallon and Belle\" \/>\n<meta property=\"article:modified_time\" content=\"2025-03-14T16:16:12+00:00\" \/>\n<meta name=\"twitter:card\" content=\"summary_large_image\" \/>\n<meta name=\"twitter:label1\" content=\"Dur\u00e9e de lecture estim\u00e9e\" \/>\n\t<meta name=\"twitter:data1\" content=\"7 minutes\" \/>\n<script type=\"application\/ld+json\" class=\"yoast-schema-graph\">{\"@context\":\"https:\/\/schema.org\",\"@graph\":[{\"@type\":\"WebPage\",\"@id\":\"https:\/\/fallonandbelle.com\/politica-de-privacidad\/\",\"url\":\"https:\/\/fallonandbelle.com\/politica-de-privacidad\/\",\"name\":\"Pol\u00edtica de privacidad - Fallon and Belle\",\"isPartOf\":{\"@id\":\"https:\/\/fallonandbelle.com\/#website\"},\"datePublished\":\"2025-03-10T13:47:17+00:00\",\"dateModified\":\"2025-03-14T16:16:12+00:00\",\"breadcrumb\":{\"@id\":\"https:\/\/fallonandbelle.com\/politica-de-privacidad\/#breadcrumb\"},\"inLanguage\":\"fr-FR\",\"potentialAction\":[{\"@type\":\"ReadAction\",\"target\":[\"https:\/\/fallonandbelle.com\/politica-de-privacidad\/\"]}]},{\"@type\":\"BreadcrumbList\",\"@id\":\"https:\/\/fallonandbelle.com\/politica-de-privacidad\/#breadcrumb\",\"itemListElement\":[{\"@type\":\"ListItem\",\"position\":1,\"name\":\"Portada\",\"item\":\"https:\/\/fallonandbelle.com\/\"},{\"@type\":\"ListItem\",\"position\":2,\"name\":\"Pol\u00edtica de privacidad\"}]},{\"@type\":\"WebSite\",\"@id\":\"https:\/\/fallonandbelle.com\/#website\",\"url\":\"https:\/\/fallonandbelle.com\/\",\"name\":\"Fallon and Belle\",\"description\":\"\",\"publisher\":{\"@id\":\"https:\/\/fallonandbelle.com\/#organization\"},\"potentialAction\":[{\"@type\":\"SearchAction\",\"target\":{\"@type\":\"EntryPoint\",\"urlTemplate\":\"https:\/\/fallonandbelle.com\/?s={search_term_string}\"},\"query-input\":{\"@type\":\"PropertyValueSpecification\",\"valueRequired\":true,\"valueName\":\"search_term_string\"}}],\"inLanguage\":\"fr-FR\"},{\"@type\":\"Organization\",\"@id\":\"https:\/\/fallonandbelle.com\/#organization\",\"name\":\"Fallon and Belle\",\"url\":\"https:\/\/fallonandbelle.com\/\",\"logo\":{\"@type\":\"ImageObject\",\"inLanguage\":\"fr-FR\",\"@id\":\"https:\/\/fallonandbelle.com\/#\/schema\/logo\/image\/\",\"url\":\"https:\/\/fallonandbelle.com\/wp-content\/uploads\/2025\/03\/logo-1.svg\",\"contentUrl\":\"https:\/\/fallonandbelle.com\/wp-content\/uploads\/2025\/03\/logo-1.svg\",\"width\":216,\"height\":20,\"caption\":\"Fallon and Belle\"},\"image\":{\"@id\":\"https:\/\/fallonandbelle.com\/#\/schema\/logo\/image\/\"}}]}<\/script>\n<!-- \/ Yoast SEO plugin. -->","yoast_head_json":{"title":"Politique de confidentialit\u00e9 - Fallon and Belle","robots":{"index":"index","follow":"follow","max-snippet":"max-snippet:-1","max-image-preview":"max-image-preview:large","max-video-preview":"max-video-preview:-1"},"canonical":"https:\/\/fallonandbelle.com\/fr\/politique-de-confidentialite\/","og_locale":"fr_FR","og_type":"article","og_title":"Pol\u00edtica de privacidad - Fallon and Belle","og_description":"Pol\u00edtica de privacidad 1. \u00bfQui\u00e9n es el responsable de tratamiento de sus datos? FALLON &amp; BELLE S.L.B01851807C\/ COLUMELA 3, 28001 &#8211; MADRID, MADRID673281869info@fallonandbelle.com 2. \u00bfQu\u00e9 tipo de datos tenemos sobre su persona y c\u00f3mo los hemos obtenido? Las categor\u00edas de datos personales que tratamos de clientes y proveedores son: Datos de identificaci\u00f3n Direcciones postales o [&hellip;]","og_url":"https:\/\/fallonandbelle.com\/fr\/politique-de-confidentialite\/","og_site_name":"Fallon and Belle","article_modified_time":"2025-03-14T16:16:12+00:00","twitter_card":"summary_large_image","twitter_misc":{"Dur\u00e9e de lecture estim\u00e9e":"7 minutes"},"schema":{"@context":"https:\/\/schema.org","@graph":[{"@type":"WebPage","@id":"https:\/\/fallonandbelle.com\/politica-de-privacidad\/","url":"https:\/\/fallonandbelle.com\/politica-de-privacidad\/","name":"Politique de confidentialit\u00e9 - Fallon and Belle","isPartOf":{"@id":"https:\/\/fallonandbelle.com\/#website"},"datePublished":"2025-03-10T13:47:17+00:00","dateModified":"2025-03-14T16:16:12+00:00","breadcrumb":{"@id":"https:\/\/fallonandbelle.com\/politica-de-privacidad\/#breadcrumb"},"inLanguage":"fr-FR","potentialAction":[{"@type":"ReadAction","target":["https:\/\/fallonandbelle.com\/politica-de-privacidad\/"]}]},{"@type":"BreadcrumbList","@id":"https:\/\/fallonandbelle.com\/politica-de-privacidad\/#breadcrumb","itemListElement":[{"@type":"ListItem","position":1,"name":"Portada","item":"https:\/\/fallonandbelle.com\/"},{"@type":"ListItem","position":2,"name":"Pol\u00edtica de privacidad"}]},{"@type":"WebSite","@id":"https:\/\/fallonandbelle.com\/#website","url":"https:\/\/fallonandbelle.com\/","name":"Fallon et Belle","description":"","publisher":{"@id":"https:\/\/fallonandbelle.com\/#organization"},"potentialAction":[{"@type":"SearchAction","target":{"@type":"EntryPoint","urlTemplate":"https:\/\/fallonandbelle.com\/?s={search_term_string}"},"query-input":{"@type":"PropertyValueSpecification","valueRequired":true,"valueName":"search_term_string"}}],"inLanguage":"fr-FR"},{"@type":"Organization","@id":"https:\/\/fallonandbelle.com\/#organization","name":"Fallon et Belle","url":"https:\/\/fallonandbelle.com\/","logo":{"@type":"ImageObject","inLanguage":"fr-FR","@id":"https:\/\/fallonandbelle.com\/#\/schema\/logo\/image\/","url":"https:\/\/fallonandbelle.com\/wp-content\/uploads\/2025\/03\/logo-1.svg","contentUrl":"https:\/\/fallonandbelle.com\/wp-content\/uploads\/2025\/03\/logo-1.svg","width":216,"height":20,"caption":"Fallon and Belle"},"image":{"@id":"https:\/\/fallonandbelle.com\/#\/schema\/logo\/image\/"}}]}},"_links":{"self":[{"href":"https:\/\/fallonandbelle.com\/fr\/wp-json\/wp\/v2\/pages\/1191","targetHints":{"allow":["GET"]}}],"collection":[{"href":"https:\/\/fallonandbelle.com\/fr\/wp-json\/wp\/v2\/pages"}],"about":[{"href":"https:\/\/fallonandbelle.com\/fr\/wp-json\/wp\/v2\/types\/page"}],"author":[{"embeddable":true,"href":"https:\/\/fallonandbelle.com\/fr\/wp-json\/wp\/v2\/users\/1"}],"replies":[{"embeddable":true,"href":"https:\/\/fallonandbelle.com\/fr\/wp-json\/wp\/v2\/comments?post=1191"}],"version-history":[{"count":13,"href":"https:\/\/fallonandbelle.com\/fr\/wp-json\/wp\/v2\/pages\/1191\/revisions"}],"predecessor-version":[{"id":2312,"href":"https:\/\/fallonandbelle.com\/fr\/wp-json\/wp\/v2\/pages\/1191\/revisions\/2312"}],"wp:attachment":[{"href":"https:\/\/fallonandbelle.com\/fr\/wp-json\/wp\/v2\/media?parent=1191"}],"curies":[{"name":"wp","href":"https:\/\/api.w.org\/{rel}","templated":true}]}}