{"id":1204,"date":"2025-03-10T14:51:43","date_gmt":"2025-03-10T13:51:43","guid":{"rendered":"https:\/\/dev.fallonandbelle.com\/?page_id=1204"},"modified":"2025-03-14T17:15:42","modified_gmt":"2025-03-14T16:15:42","slug":"politique-en-matiere-de-cookies","status":"publish","type":"page","link":"https:\/\/fallonandbelle.com\/fr\/politica-de-cookies\/","title":{"rendered":"Politique en mati\u00e8re de cookies"},"content":{"rendered":"<div data-elementor-type=\"wp-page\" data-elementor-id=\"1204\" class=\"elementor elementor-1204\" data-elementor-post-type=\"page\">\n\t\t\t\t<div data-particle_enable=\"false\" data-particle-mobile-disabled=\"false\" data-dce-background-color=\"#EAE3DD\" class=\"elementor-element elementor-element-c5ea45a e-con-full e-flex e-con e-parent\" data-id=\"c5ea45a\" data-element_type=\"container\" data-e-type=\"container\" id=\"color\" data-settings=\"{&quot;background_background&quot;:&quot;classic&quot;}\">\n\t\t\t\t<div class=\"elementor-element elementor-element-d54b9d3 elementor-widget elementor-widget-heading\" data-id=\"d54b9d3\" data-element_type=\"widget\" data-e-type=\"widget\" data-widget_type=\"heading.default\">\n\t\t\t\t<div class=\"elementor-widget-container\">\n\t\t\t\t\t<h1 class=\"elementor-heading-title elementor-size-default\">Politique en mati\u00e8re de cookies<\/h1>\t\t\t\t<\/div>\n\t\t\t\t<\/div>\n\t\t\t\t<div class=\"elementor-element elementor-element-f6009fc elementor-widget__width-initial elementor-widget elementor-widget-text-editor\" data-id=\"f6009fc\" data-element_type=\"widget\" data-e-type=\"widget\" data-widget_type=\"text-editor.default\">\n\t\t\t\t<div class=\"elementor-widget-container\">\n\t\t\t\t\t\t\t\t\t<p><strong>A) D\u00e9finition et fonction g\u00e9n\u00e9rique des cookies.<\/strong><br \/><br \/>FALLON AND BELLE S L, propri\u00e9taire de ce site, vous informe que des cookies et\/ou des technologies similaires sont utilis\u00e9s pour stocker et r\u00e9cup\u00e9rer des informations lorsque vous naviguez. En g\u00e9n\u00e9ral, ces technologies peuvent \u00eatre utilis\u00e9es \u00e0 des fins tr\u00e8s diverses, par exemple pour vous reconna\u00eetre en tant qu'utilisateur, obtenir des informations sur vos habitudes de navigation ou personnaliser l'affichage du contenu. Les utilisations sp\u00e9cifiques que nous faisons de ces technologies sont d\u00e9crites ci-dessous.<\/p>\t\t\t\t\t\t\t\t<\/div>\n\t\t\t\t<\/div>\n\t\t\t\t<div class=\"elementor-element elementor-element-19b5e07 elementor-widget__width-initial elementor-widget elementor-widget-text-editor\" data-id=\"19b5e07\" data-element_type=\"widget\" data-e-type=\"widget\" data-widget_type=\"text-editor.default\">\n\t\t\t\t<div class=\"elementor-widget-container\">\n\t\t\t\t\t\t\t\t\t<p><strong>B) Informations sur le type de cookies utilis\u00e9s et leur finalit\u00e9.<\/strong><br \/><br \/><\/p><ul><li>Techniques : Ce sont celles qui sont n\u00e9cessaires \u00e0 la navigation et au bon fonctionnement de notre site web. Elles permettent, par exemple, de contr\u00f4ler le trafic et la communication des donn\u00e9es, d'acc\u00e9der \u00e0 des zones restreintes, d'effectuer le processus d'achat d'une commande, d'utiliser des \u00e9l\u00e9ments de s\u00e9curit\u00e9, de stocker des contenus afin de diffuser des vid\u00e9os ou de partager des contenus via les r\u00e9seaux sociaux.<\/li><li>Personnalisation : elle permet \u00e0 l'utilisateur d'acc\u00e9der au service avec des caract\u00e9ristiques pr\u00e9d\u00e9finies en fonction d'une s\u00e9rie de crit\u00e8res, tels que la langue, le type de navigateur utilis\u00e9 pour acc\u00e9der au service, la configuration r\u00e9gionale \u00e0 partir de laquelle on acc\u00e8de au service, etc.<\/li><li>Analyse : celles qui, trait\u00e9es par nous ou par des tiers, nous permettent de quantifier le nombre d'utilisateurs et de proc\u00e9der ainsi \u00e0 la mesure et \u00e0 l'analyse statistique de l'utilisation faite par les utilisateurs du service offert. Pour ce faire, votre navigation sur notre site web est analys\u00e9e afin d'am\u00e9liorer la gamme de produits ou de services que nous proposons.<\/li><li>Publicit\u00e9 : il s'agit de ceux qui permettent de g\u00e9rer, de la mani\u00e8re la plus efficace possible, les espaces publicitaires qui peuvent \u00eatre inclus sur notre site web.<\/li><li>Publicit\u00e9 comportementale : il s'agit de celle qui, trait\u00e9e par nous ou par des tiers, nous permet d'analyser vos habitudes de navigation sur Internet afin de vous pr\u00e9senter des publicit\u00e9s en rapport avec votre profil de navigation.<\/li><\/ul>\t\t\t\t\t\t\t\t<\/div>\n\t\t\t\t<\/div>\n\t\t\t\t<div class=\"elementor-element elementor-element-4659915 elementor-widget__width-initial elementor-widget elementor-widget-text-editor\" data-id=\"4659915\" data-element_type=\"widget\" data-e-type=\"widget\" data-widget_type=\"text-editor.default\">\n\t\t\t\t<div class=\"elementor-widget-container\">\n\t\t\t\t\t\t\t\t\t<p><strong>C) Identification des utilisateurs de cookies :<\/strong><br \/><br \/>Les informations obtenues par les cookies ne peuvent \u00eatre trait\u00e9es que par l'\u00e9diteur et\/ou par des tiers avec lesquels notre \u00e9diteur a contract\u00e9 pour fournir un service pour lequel l'utilisation de cookies est requise :<br \/><br \/><\/p><ul><li>Propres cookies : il s'agit de ceux qui sont envoy\u00e9s \u00e0 votre ordinateur \u00e0 partir de nos propres \u00e9quipements ou domaines et \u00e0 partir desquels nous fournissons le service que vous demandez.<\/li><li>Cookies de tiers : Il s'agit de cookies qui appartiennent et sont g\u00e9r\u00e9s par une entit\u00e9 tierce collaboratrice, qu'ils soient envoy\u00e9s par notre propre \u00e9quipement ou par celui de l'entit\u00e9 collaboratrice elle-m\u00eame. Tels que, par exemple, ceux utilis\u00e9s par les r\u00e9seaux sociaux, ou des contenus externes comme Google Maps, qui nous permettent de quantifier le nombre d'utilisateurs et de r\u00e9aliser ainsi la mesure et l'analyse statistique de l'utilisation faite par les utilisateurs du service offert. Pour ce faire, votre navigation sur notre site web est analys\u00e9e afin d'am\u00e9liorer la gamme de produits ou de services que nous proposons. Rencontrer les tiers.<\/li><\/ul>\t\t\t\t\t\t\t\t<\/div>\n\t\t\t\t<\/div>\n\t\t\t\t<div class=\"elementor-element elementor-element-0e2af6a elementor-widget__width-initial elementor-widget elementor-widget-text-editor\" data-id=\"0e2af6a\" data-element_type=\"widget\" data-e-type=\"widget\" data-widget_type=\"text-editor.default\">\n\t\t\t\t<div class=\"elementor-widget-container\">\n\t\t\t\t\t\t\t\t\t<p><strong>D) P\u00e9riode de conservation<\/strong><br \/><br \/><\/p><ul><li>Cookies de session : il s'agit de cookies temporaires qui restent dans le fichier de cookies de votre navigateur jusqu'\u00e0 ce que l'utilisateur quitte le site web, de sorte qu'aucun d'entre eux ne reste enregistr\u00e9 sur le disque dur de votre ordinateur. Les informations obtenues gr\u00e2ce \u00e0 ces cookies sont utilis\u00e9es pour analyser les sch\u00e9mas de trafic sur le site web. \u00c0 long terme, cela nous permet d'offrir une meilleure exp\u00e9rience, d'am\u00e9liorer le contenu et de faciliter son utilisation.<\/li><li>Les cookies persistants : ils sont stock\u00e9s sur le disque dur et notre site web les lit \u00e0 chaque nouvelle visite de l'utilisateur. Un cookie permanent a une date d'expiration sp\u00e9cifique. Apr\u00e8s cette date, le cookie cesse de fonctionner. Nous utilisons g\u00e9n\u00e9ralement ces cookies pour faciliter les services d'achat et d'enregistrement.<br \/><br \/><\/li><\/ul><p>Les donn\u00e9es obtenues \u00e0 partir de ces deux types de cookies seront conserv\u00e9es conform\u00e9ment \u00e0 la politique de confidentialit\u00e9.<br \/><br \/><strong>Cette soci\u00e9t\u00e9 utilise les cookies suivants :<\/strong><br \/><br \/>PROPRES COOKIES :<br \/><br \/><\/p><ul><li>Nom : Moove_gdpr_popup<\/li><li>Type : Analytique<\/li><li>Source : Google<\/li><li>Dur\u00e9e : 1 an<\/li><li>Objet : Cookie contenant la valeur indiquant si l'installation de cookies a \u00e9t\u00e9 accept\u00e9e.<br \/><br \/><\/li><\/ul><p>LES COOKIES DE TIERS :<br \/><br \/><\/p><ul><li>Nom : Collect<\/li><li>Type : Analytique<\/li><li>Source : Google<\/li><li>Dur\u00e9e : Session<\/li><li>Objectif : Envoi de donn\u00e9es \u00e0 Google Analytics sur l'appareil et le comportement du visiteur.<\/li><li>Nom : _ga<\/li><li>Type : Analytique<\/li><li>Source : Google<\/li><li>Dur\u00e9e : 2 ans<br \/>Objectif : il enregistre un identifiant unique qui est utilis\u00e9 pour g\u00e9n\u00e9rer des donn\u00e9es statistiques sur la fa\u00e7on dont le visiteur utilise le site web.<\/li><li>Pr\u00e9nom : _gat<\/li><li>Type : Analytique<\/li><li>Source : Google<\/li><li>Dur\u00e9e : 1 jour<\/li><li>Objectif : Utilis\u00e9 par Google Analytics pour surveiller les taux de demande.<\/li><li>Pr\u00e9nom : _gid<\/li><li>Type : Analytique<\/li><li>Source : Google<\/li><li>Dur\u00e9e : 1 jour<br \/>Objectif : il enregistre un identifiant unique qui est utilis\u00e9 pour g\u00e9n\u00e9rer des donn\u00e9es statistiques sur la fa\u00e7on dont le visiteur utilise le site web.<br \/><br \/><\/li><\/ul><p>Retournez au panneau de configuration des cookies.<\/p>\t\t\t\t\t\t\t\t<\/div>\n\t\t\t\t<\/div>\n\t\t\t\t<div class=\"elementor-element elementor-element-225c9ed elementor-widget__width-initial elementor-widget elementor-widget-text-editor\" data-id=\"225c9ed\" data-element_type=\"widget\" data-e-type=\"widget\" data-widget_type=\"text-editor.default\">\n\t\t\t\t<div class=\"elementor-widget-container\">\n\t\t\t\t\t\t\t\t\t<p><strong>E) Activation, restriction et\/ou d\u00e9sactivation des cookies.<\/strong><br \/><br \/>Vous pouvez autoriser ou bloquer les cookies, ainsi que supprimer vos donn\u00e9es de navigation (y compris les cookies) du navigateur que vous utilisez. Pour ce faire, veuillez vous r\u00e9f\u00e9rer aux options et instructions fournies par votre navigateur. Veuillez noter que si vous acceptez les cookies de tiers, vous devrez les supprimer des options de votre navigateur.\u00a0<\/p>\t\t\t\t\t\t\t\t<\/div>\n\t\t\t\t<\/div>\n\t\t\t\t<div class=\"elementor-element elementor-element-d24b09f elementor-widget__width-initial elementor-widget elementor-widget-text-editor\" data-id=\"d24b09f\" data-element_type=\"widget\" data-e-type=\"widget\" data-widget_type=\"text-editor.default\">\n\t\t\t\t<div class=\"elementor-widget-container\">\n\t\t\t\t\t\t\t\t\t<p><strong>F) Nous ne transf\u00e9rons pas de donn\u00e9es vers des pays tiers par l'interm\u00e9diaire de l'\u00e9diteur. <\/strong><br \/><br \/>Vous pouvez prendre connaissance des transferts vers des pays tiers qui, le cas \u00e9ch\u00e9ant, sont effectu\u00e9s par les tiers identifi\u00e9s dans la pr\u00e9sente politique en mati\u00e8re de cookies dans leurs politiques correspondantes (voir les liens fournis dans la section \"Cookies de tiers\").<\/p>\t\t\t\t\t\t\t\t<\/div>\n\t\t\t\t<\/div>\n\t\t\t\t<div class=\"elementor-element elementor-element-5f63a15 elementor-widget__width-initial elementor-widget elementor-widget-text-editor\" data-id=\"5f63a15\" data-element_type=\"widget\" data-e-type=\"widget\" data-widget_type=\"text-editor.default\">\n\t\t\t\t<div class=\"elementor-widget-container\">\n\t\t\t\t\t\t\t\t\t<p><strong>G) Profilage.<\/strong><br \/><br \/>Nous n'\u00e9tablissons pas de profil.<\/p>\t\t\t\t\t\t\t\t<\/div>\n\t\t\t\t<\/div>\n\t\t\t\t<div class=\"elementor-element elementor-element-573dabb elementor-widget__width-initial elementor-widget elementor-widget-text-editor\" data-id=\"573dabb\" data-element_type=\"widget\" data-e-type=\"widget\" data-widget_type=\"text-editor.default\">\n\t\t\t\t<div class=\"elementor-widget-container\">\n\t\t\t\t\t\t\t\t\t<p><strong>H) Autres informations.<\/strong><br \/><br \/>Les autres informations requises par l'article 13 du RGPD figurent dans la politique de confidentialit\u00e9.<\/p>\t\t\t\t\t\t\t\t<\/div>\n\t\t\t\t<\/div>\n\t\t\t\t<\/div>\n\t\t\t\t<\/div>","protected":false},"excerpt":{"rendered":"<p>Pol\u00edtica de cookies A) Definici\u00f3n y funci\u00f3n gen\u00e9rica de las cookies. FALLON AND BELLE S L el titular de este sitio web informa que se utilizan cookies y\/o tecnolog\u00edas similares que almacenan y recuperan informaci\u00f3n cuando navegas. En general, estas tecnolog\u00edas pueden servir para finalidades muy diversas, como, por ejemplo, reconocerte como usuario, obtener informaci\u00f3n [&hellip;]<\/p>\n","protected":false},"author":1,"featured_media":0,"parent":0,"menu_order":0,"comment_status":"closed","ping_status":"closed","template":"","meta":{"_acf_changed":false,"inline_featured_image":false,"footnotes":""},"class_list":["post-1204","page","type-page","status-publish","hentry"],"acf":[],"yoast_head":"<!-- This site is optimized with the Yoast SEO plugin v27.2 - https:\/\/yoast.com\/product\/yoast-seo-wordpress\/ -->\n<title>Pol\u00edtica de cookies - Fallon and Belle<\/title>\n<meta name=\"robots\" content=\"index, follow, max-snippet:-1, max-image-preview:large, max-video-preview:-1\" \/>\n<link rel=\"canonical\" href=\"https:\/\/fallonandbelle.com\/fr\/politique-en-matiere-de-cookies\/\" \/>\n<meta property=\"og:locale\" content=\"fr_FR\" \/>\n<meta property=\"og:type\" content=\"article\" \/>\n<meta property=\"og:title\" content=\"Pol\u00edtica de cookies - Fallon and Belle\" \/>\n<meta property=\"og:description\" content=\"Pol\u00edtica de cookies A) Definici\u00f3n y funci\u00f3n gen\u00e9rica de las cookies. FALLON AND BELLE S L el titular de este sitio web informa que se utilizan cookies y\/o tecnolog\u00edas similares que almacenan y recuperan informaci\u00f3n cuando navegas. En general, estas tecnolog\u00edas pueden servir para finalidades muy diversas, como, por ejemplo, reconocerte como usuario, obtener informaci\u00f3n [&hellip;]\" \/>\n<meta property=\"og:url\" content=\"https:\/\/fallonandbelle.com\/fr\/politique-en-matiere-de-cookies\/\" \/>\n<meta property=\"og:site_name\" content=\"Fallon and Belle\" \/>\n<meta property=\"article:modified_time\" content=\"2025-03-14T16:15:42+00:00\" \/>\n<meta name=\"twitter:card\" content=\"summary_large_image\" \/>\n<meta name=\"twitter:label1\" content=\"Dur\u00e9e de lecture estim\u00e9e\" \/>\n\t<meta name=\"twitter:data1\" content=\"5 minutes\" \/>\n<script type=\"application\/ld+json\" class=\"yoast-schema-graph\">{\"@context\":\"https:\/\/schema.org\",\"@graph\":[{\"@type\":\"WebPage\",\"@id\":\"https:\/\/fallonandbelle.com\/politica-de-cookies\/\",\"url\":\"https:\/\/fallonandbelle.com\/politica-de-cookies\/\",\"name\":\"Pol\u00edtica de cookies - Fallon and Belle\",\"isPartOf\":{\"@id\":\"https:\/\/fallonandbelle.com\/#website\"},\"datePublished\":\"2025-03-10T13:51:43+00:00\",\"dateModified\":\"2025-03-14T16:15:42+00:00\",\"breadcrumb\":{\"@id\":\"https:\/\/fallonandbelle.com\/politica-de-cookies\/#breadcrumb\"},\"inLanguage\":\"fr-FR\",\"potentialAction\":[{\"@type\":\"ReadAction\",\"target\":[\"https:\/\/fallonandbelle.com\/politica-de-cookies\/\"]}]},{\"@type\":\"BreadcrumbList\",\"@id\":\"https:\/\/fallonandbelle.com\/politica-de-cookies\/#breadcrumb\",\"itemListElement\":[{\"@type\":\"ListItem\",\"position\":1,\"name\":\"Portada\",\"item\":\"https:\/\/fallonandbelle.com\/\"},{\"@type\":\"ListItem\",\"position\":2,\"name\":\"Pol\u00edtica de cookies\"}]},{\"@type\":\"WebSite\",\"@id\":\"https:\/\/fallonandbelle.com\/#website\",\"url\":\"https:\/\/fallonandbelle.com\/\",\"name\":\"Fallon and Belle\",\"description\":\"\",\"publisher\":{\"@id\":\"https:\/\/fallonandbelle.com\/#organization\"},\"potentialAction\":[{\"@type\":\"SearchAction\",\"target\":{\"@type\":\"EntryPoint\",\"urlTemplate\":\"https:\/\/fallonandbelle.com\/?s={search_term_string}\"},\"query-input\":{\"@type\":\"PropertyValueSpecification\",\"valueRequired\":true,\"valueName\":\"search_term_string\"}}],\"inLanguage\":\"fr-FR\"},{\"@type\":\"Organization\",\"@id\":\"https:\/\/fallonandbelle.com\/#organization\",\"name\":\"Fallon and Belle\",\"url\":\"https:\/\/fallonandbelle.com\/\",\"logo\":{\"@type\":\"ImageObject\",\"inLanguage\":\"fr-FR\",\"@id\":\"https:\/\/fallonandbelle.com\/#\/schema\/logo\/image\/\",\"url\":\"https:\/\/fallonandbelle.com\/wp-content\/uploads\/2025\/03\/logo-1.svg\",\"contentUrl\":\"https:\/\/fallonandbelle.com\/wp-content\/uploads\/2025\/03\/logo-1.svg\",\"width\":216,\"height\":20,\"caption\":\"Fallon and Belle\"},\"image\":{\"@id\":\"https:\/\/fallonandbelle.com\/#\/schema\/logo\/image\/\"}}]}<\/script>\n<!-- \/ Yoast SEO plugin. -->","yoast_head_json":{"title":"Politique en mati\u00e8re de cookies - Fallon and Belle","robots":{"index":"index","follow":"follow","max-snippet":"max-snippet:-1","max-image-preview":"max-image-preview:large","max-video-preview":"max-video-preview:-1"},"canonical":"https:\/\/fallonandbelle.com\/fr\/politique-en-matiere-de-cookies\/","og_locale":"fr_FR","og_type":"article","og_title":"Pol\u00edtica de cookies - Fallon and Belle","og_description":"Pol\u00edtica de cookies A) Definici\u00f3n y funci\u00f3n gen\u00e9rica de las cookies. FALLON AND BELLE S L el titular de este sitio web informa que se utilizan cookies y\/o tecnolog\u00edas similares que almacenan y recuperan informaci\u00f3n cuando navegas. En general, estas tecnolog\u00edas pueden servir para finalidades muy diversas, como, por ejemplo, reconocerte como usuario, obtener informaci\u00f3n [&hellip;]","og_url":"https:\/\/fallonandbelle.com\/fr\/politique-en-matiere-de-cookies\/","og_site_name":"Fallon and Belle","article_modified_time":"2025-03-14T16:15:42+00:00","twitter_card":"summary_large_image","twitter_misc":{"Dur\u00e9e de lecture estim\u00e9e":"5 minutes"},"schema":{"@context":"https:\/\/schema.org","@graph":[{"@type":"WebPage","@id":"https:\/\/fallonandbelle.com\/politica-de-cookies\/","url":"https:\/\/fallonandbelle.com\/politica-de-cookies\/","name":"Politique en mati\u00e8re de cookies - Fallon and Belle","isPartOf":{"@id":"https:\/\/fallonandbelle.com\/#website"},"datePublished":"2025-03-10T13:51:43+00:00","dateModified":"2025-03-14T16:15:42+00:00","breadcrumb":{"@id":"https:\/\/fallonandbelle.com\/politica-de-cookies\/#breadcrumb"},"inLanguage":"fr-FR","potentialAction":[{"@type":"ReadAction","target":["https:\/\/fallonandbelle.com\/politica-de-cookies\/"]}]},{"@type":"BreadcrumbList","@id":"https:\/\/fallonandbelle.com\/politica-de-cookies\/#breadcrumb","itemListElement":[{"@type":"ListItem","position":1,"name":"Portada","item":"https:\/\/fallonandbelle.com\/"},{"@type":"ListItem","position":2,"name":"Pol\u00edtica de cookies"}]},{"@type":"WebSite","@id":"https:\/\/fallonandbelle.com\/#website","url":"https:\/\/fallonandbelle.com\/","name":"Fallon et Belle","description":"","publisher":{"@id":"https:\/\/fallonandbelle.com\/#organization"},"potentialAction":[{"@type":"SearchAction","target":{"@type":"EntryPoint","urlTemplate":"https:\/\/fallonandbelle.com\/?s={search_term_string}"},"query-input":{"@type":"PropertyValueSpecification","valueRequired":true,"valueName":"search_term_string"}}],"inLanguage":"fr-FR"},{"@type":"Organization","@id":"https:\/\/fallonandbelle.com\/#organization","name":"Fallon et Belle","url":"https:\/\/fallonandbelle.com\/","logo":{"@type":"ImageObject","inLanguage":"fr-FR","@id":"https:\/\/fallonandbelle.com\/#\/schema\/logo\/image\/","url":"https:\/\/fallonandbelle.com\/wp-content\/uploads\/2025\/03\/logo-1.svg","contentUrl":"https:\/\/fallonandbelle.com\/wp-content\/uploads\/2025\/03\/logo-1.svg","width":216,"height":20,"caption":"Fallon and Belle"},"image":{"@id":"https:\/\/fallonandbelle.com\/#\/schema\/logo\/image\/"}}]}},"_links":{"self":[{"href":"https:\/\/fallonandbelle.com\/fr\/wp-json\/wp\/v2\/pages\/1204","targetHints":{"allow":["GET"]}}],"collection":[{"href":"https:\/\/fallonandbelle.com\/fr\/wp-json\/wp\/v2\/pages"}],"about":[{"href":"https:\/\/fallonandbelle.com\/fr\/wp-json\/wp\/v2\/types\/page"}],"author":[{"embeddable":true,"href":"https:\/\/fallonandbelle.com\/fr\/wp-json\/wp\/v2\/users\/1"}],"replies":[{"embeddable":true,"href":"https:\/\/fallonandbelle.com\/fr\/wp-json\/wp\/v2\/comments?post=1204"}],"version-history":[{"count":13,"href":"https:\/\/fallonandbelle.com\/fr\/wp-json\/wp\/v2\/pages\/1204\/revisions"}],"predecessor-version":[{"id":2306,"href":"https:\/\/fallonandbelle.com\/fr\/wp-json\/wp\/v2\/pages\/1204\/revisions\/2306"}],"wp:attachment":[{"href":"https:\/\/fallonandbelle.com\/fr\/wp-json\/wp\/v2\/media?parent=1204"}],"curies":[{"name":"wp","href":"https:\/\/api.w.org\/{rel}","templated":true}]}}